{"id":69,"date":"2025-07-01T16:16:38","date_gmt":"2025-07-01T16:16:38","guid":{"rendered":"https:\/\/ims.smithengineering.queensu.ca\/?page_id=69"},"modified":"2025-10-03T14:12:24","modified_gmt":"2025-10-03T14:12:24","slug":"team-members","status":"publish","type":"page","link":"https:\/\/ims.smithengineering.queensu.ca\/?page_id=69","title":{"rendered":"Team Members"},"content":{"rendered":"\n<h2 class=\"wp-block-heading\">Principal Investigator<\/h2>\n\n\n\n<div class=\"wp-block-media-text has-media-on-the-right is-stacked-on-mobile has-border-color has-nv-site-bg-border-color\" style=\"border-width:15px;border-radius:0px;grid-template-columns:auto 22%\"><div class=\"wp-block-media-text__content\">\n<p class=\"has-medium-font-size\"><strong>Yuksel Asli Sari, PhD, P.Eng<\/strong><\/p>\n\n\n\n<p style=\"padding-top:0;padding-right:0;padding-bottom:0;padding-left:0\">Yuksel Asli Sari is an Associate Professor at the Robert M. Buchan Department of Mining at Queen\u2019s University in Kingston, Canada. She received BSc, Master&#8217;s and PhD degrees from McGill University. With her background in computer science, she focuses on the computer applications in the mining industry. She has developed tools for open pit mine planning (finding pit limits, block extraction sequencing and block routing) and stope optimization (stope layout planning, stope sequencing). Also, she has designed mathematical models for dig-limit optimization, open pit mine planning with landfilling option and to determine the stope limits. Her research interests include short term and long term underground and surface mine planning, data analytics and machine learning applications in mine optimization and mine automation.<\/p>\n<\/div><figure class=\"wp-block-media-text__media\"><img fetchpriority=\"high\" decoding=\"async\" width=\"480\" height=\"480\" src=\"https:\/\/ims.smithengineering.queensu.ca\/wp-content\/uploads\/2025\/08\/asli_sari_480x480.jpg\" alt=\"\" class=\"wp-image-167 size-full\" srcset=\"https:\/\/ims.smithengineering.queensu.ca\/wp-content\/uploads\/2025\/08\/asli_sari_480x480.jpg 480w, https:\/\/ims.smithengineering.queensu.ca\/wp-content\/uploads\/2025\/08\/asli_sari_480x480-300x300.jpg 300w, https:\/\/ims.smithengineering.queensu.ca\/wp-content\/uploads\/2025\/08\/asli_sari_480x480-150x150.jpg 150w\" sizes=\"(max-width: 480px) 100vw, 480px\" \/><\/figure><\/div>\n\n\n\n<hr class=\"wp-block-separator has-alpha-channel-opacity\"\/>\n\n\n\n<h2 class=\"wp-block-heading\">Postdoctoral Fellows<\/h2>\n\n\n\n<div class=\"wp-block-media-text has-media-on-the-right is-stacked-on-mobile has-border-color has-nv-site-bg-border-color\" style=\"border-width:15px;border-radius:0px;grid-template-columns:auto 22%\"><div class=\"wp-block-media-text__content\">\n<p class=\"has-medium-font-size\"><strong>Dr. Emmanuel J. A. Appianing<\/strong><\/p>\n\n\n\n<p class=\"has-text-align-left\" style=\"padding-top:0;padding-right:0;padding-bottom:0;padding-left:0\">Dr. Emmanuel J. A. Appianing is a Postdoctoral Research Fellow and Sessional Professor of Mining Engineering at the Goodman School of Mines and MIRARCO Mining Innovations, Laurentian University, Sudbury, Ontario. He also serves as a Research Assistant at the Mining Optimization Laboratory (MOL) within the Bharti School of Engineering and Computer Science. Dr. Appianing holds a Ph.D. in Natural Resources Engineering (Mining Engineering) from Laurentian University, as well as a B.Sc. and M.Phil. in Mining Engineering from the University of Mines and Technology (UMaT), Tarkwa, Ghana. With over 12 years of combined experience in both industry\u2014spanning open-pit and underground operations\u2014and academic research, Dr. Appianing has developed deep expertise across a broad spectrum of mining disciplines. His areas of specialization include but not limited to: Mine planning and design, Production scheduling optimization, Rock mechanics and ground control, Mine equipment automation and reliability, Drilling and blasting technologies His current research centers on strategic mining options optimization for resource development and long-term planning, with a particular focus on stochastic mine planning under geological and operational uncertainty.<\/p>\n<\/div><figure class=\"wp-block-media-text__media\"><img decoding=\"async\" width=\"844\" height=\"1024\" src=\"https:\/\/ims.smithengineering.queensu.ca\/wp-content\/uploads\/2025\/08\/Dr.-Appianing-e1755789628463-844x1024.jpg\" alt=\"\" class=\"wp-image-211 size-full\" srcset=\"https:\/\/ims.smithengineering.queensu.ca\/wp-content\/uploads\/2025\/08\/Dr.-Appianing-e1755789628463-844x1024.jpg 844w, https:\/\/ims.smithengineering.queensu.ca\/wp-content\/uploads\/2025\/08\/Dr.-Appianing-e1755789628463-247x300.jpg 247w, https:\/\/ims.smithengineering.queensu.ca\/wp-content\/uploads\/2025\/08\/Dr.-Appianing-e1755789628463-768x932.jpg 768w, https:\/\/ims.smithengineering.queensu.ca\/wp-content\/uploads\/2025\/08\/Dr.-Appianing-e1755789628463.jpg 975w\" sizes=\"(max-width: 844px) 100vw, 844px\" \/><\/figure><\/div>\n\n\n\n<hr class=\"wp-block-separator has-alpha-channel-opacity\"\/>\n\n\n\n<h2 class=\"wp-block-heading\">PhD Candidates<\/h2>\n\n\n\n<div class=\"wp-block-media-text has-media-on-the-right is-stacked-on-mobile has-border-color has-nv-site-bg-border-color\" style=\"border-width:15px;border-radius:0px;grid-template-columns:auto 22%\"><div class=\"wp-block-media-text__content\">\n<p class=\"has-medium-font-size\"><strong>Saad Salman<\/strong><\/p>\n\n\n\n<p style=\"padding-top:0;padding-right:0;padding-bottom:0;padding-left:0\">Saad Salman holds a master\u2019s degree in mining engineering from the University of Engineering and Technology, Pakistan. He previously worked as a Research Associate at the National Center of Artificial Intelligence, Pakistan, where he focused on applying AI to mining, developing algorithms for short and long-term mine planning, as well as predictive analysis.&nbsp;<br>In September 2023, Saad began his PhD in the Robert M. Buchan Department of Mining at Queen\u2019s University under the supervision of Dr. Yuksel Asli Sari, co-supervised by Prof. Dr. Julain Ortiz Cabrera. His research focuses on using data and artificial intelligence to improve the operation of mineral processing plants. Specifically, he is working to shift decision-making from traditional experience and intuition-based methods to data-driven methods that support real-time control and boost operational efficiency. His studies are based on Ni-Cu flotation systems in the Sudbury Mining District of Ontario, in collaboration with leading mining companies.<\/p>\n<\/div><figure class=\"wp-block-media-text__media\"><img decoding=\"async\" width=\"586\" height=\"759\" src=\"https:\/\/ims.smithengineering.queensu.ca\/wp-content\/uploads\/2025\/07\/Image-1.jpg\" alt=\"\" class=\"wp-image-138 size-full\" srcset=\"https:\/\/ims.smithengineering.queensu.ca\/wp-content\/uploads\/2025\/07\/Image-1.jpg 586w, https:\/\/ims.smithengineering.queensu.ca\/wp-content\/uploads\/2025\/07\/Image-1-232x300.jpg 232w\" sizes=\"(max-width: 586px) 100vw, 586px\" \/><\/figure><\/div>\n\n\n\n<div class=\"wp-block-media-text has-media-on-the-right is-stacked-on-mobile has-border-color has-nv-site-bg-border-color\" style=\"border-width:15px;border-radius:0px;grid-template-columns:auto 22%\"><div class=\"wp-block-media-text__content\">\n<p class=\"has-medium-font-size\"><strong>Batur Tokac<\/strong><\/p>\n\n\n\n<p style=\"padding-top:0;padding-right:0;padding-bottom:0;padding-left:0\">Batur Tokac is a Ph.D. student in the Robert M. Buchan Department of Mining at Queen&#8217;s University, working in the Intelligent Mining Systems Lab. He holds MASc and BSc degrees in Mining Engineering from Queen&#8217;s University (GreenMVC Lab) and Middle East Technical University, respectively. With strong academic performance, he represents a new generation of mining engineers who blend traditional mining expertise with computational intelligence and sustainable innovation. Batur&#8217;s research takes a multidisciplinary approach, integrating data science and machine learning to tackle complex problems in stochastic mine planning, electric haulage systems, and production scheduling. What sets Batur apart is his remarkable ability to think outside conventional boundaries, developing novel simulation-based frameworks that integrate discrete-event modeling, genetic algorithms, and data-driven optimization to enhance energy-efficient decision-making in surface mining operations. His current work develops comprehensive frameworks for battery-electric vehicle implementation in mining operations, using genetic algorithms, machine learning, and reinforcement learning approaches. His research combines uncertainty quantification, AI techniques, and economic constraints to address the transition from diesel to electric mining fleets. He brings industry experience to his research and works toward advancing sustainable mining practices through computational modeling and data-driven methods that support the industry&#8217;s move to low-carbon, intelligent mining systems.<\/p>\n<\/div><figure class=\"wp-block-media-text__media\"><img loading=\"lazy\" decoding=\"async\" width=\"533\" height=\"748\" src=\"https:\/\/ims.smithengineering.queensu.ca\/wp-content\/uploads\/2025\/08\/Batur-Tokac-e1754068810385.jpg\" alt=\"\" class=\"wp-image-168 size-full\" srcset=\"https:\/\/ims.smithengineering.queensu.ca\/wp-content\/uploads\/2025\/08\/Batur-Tokac-e1754068810385.jpg 533w, https:\/\/ims.smithengineering.queensu.ca\/wp-content\/uploads\/2025\/08\/Batur-Tokac-e1754068810385-214x300.jpg 214w\" sizes=\"(max-width: 533px) 100vw, 533px\" \/><\/figure><\/div>\n\n\n\n<div class=\"wp-block-media-text has-media-on-the-right is-stacked-on-mobile has-border-color has-nv-site-bg-border-color\" style=\"border-width:15px;border-radius:0px;grid-template-columns:auto 22%\"><div class=\"wp-block-media-text__content\">\n<p class=\"has-medium-font-size\"><strong>Ricardo Quevedo<\/strong><\/p>\n\n\n\n<p style=\"padding-top:0;padding-right:0;padding-bottom:0;padding-left:0\">Ricardo Quevedo holds a Master of Applied Science in Mining Engineering from Queen&#8217;s University in Kingston, Canada. He has previous experience as a Geomechanics Engineer, where he used machine learning methods to assess geomechanical risk in large-scale underground cave mine operations. Ricardo is currently pursuing his PhD in The Robert M. Buchan Department of Mining at Queen\u2019s University under the supervision of Dr. Yuksel Asli Sari and co-supervision of Dr. Stephen McKinnon. His research focuses on designing digital environments to enable more effective data gathering in underground mines, creating coherent spatial structures for machine learning analysis applied to major hazards. Specifically, he aims to incorporate data analytics and advanced computational methods like machine learning into the traditional methods of analysis to better understand complex phenomena in cave mines. His work is being conducted within Dr. Sari&#8217;s research group at Queen&#8217;s University.<\/p>\n<\/div><figure class=\"wp-block-media-text__media\"><img loading=\"lazy\" decoding=\"async\" width=\"426\" height=\"551\" src=\"https:\/\/ims.smithengineering.queensu.ca\/wp-content\/uploads\/2025\/08\/rjqc_profile_pic_-e1754068789225.jpg\" alt=\"\" class=\"wp-image-169 size-full\" srcset=\"https:\/\/ims.smithengineering.queensu.ca\/wp-content\/uploads\/2025\/08\/rjqc_profile_pic_-e1754068789225.jpg 426w, https:\/\/ims.smithengineering.queensu.ca\/wp-content\/uploads\/2025\/08\/rjqc_profile_pic_-e1754068789225-232x300.jpg 232w\" sizes=\"(max-width: 426px) 100vw, 426px\" \/><\/figure><\/div>\n\n\n\n<hr class=\"wp-block-separator has-alpha-channel-opacity\"\/>\n\n\n\n<h2 class=\"wp-block-heading\">Master&#8217;s Students<\/h2>\n\n\n\n<div class=\"wp-block-media-text has-media-on-the-right is-stacked-on-mobile has-border-color has-nv-site-bg-border-color\" style=\"border-width:15px;border-radius:0px;grid-template-columns:auto 22%\"><div class=\"wp-block-media-text__content\">\n<p class=\"has-medium-font-size\"><strong>Jaime Seguel<\/strong><\/p>\n\n\n\n<p style=\"padding-top:0;padding-right:0;padding-bottom:0;padding-left:0\">Jaime Seguel&nbsp;is a Metallurgical Civil Engineer with a BSc. from Universidad T\u00e9cnica Federico Santa Mar\u00eda in Valpara\u00edso, Chile, specialized in mineral processing. He has worked as a Metallurgical Data Analyst, Process Engineer, and Advanced Analytics Translator Engineer at Codelco Chile. He is currently pursuing a Master of Applied Science in Mining Engineering at Queen\u2019s University in Canada.<br><\/p>\n<\/div><figure class=\"wp-block-media-text__media\"><img loading=\"lazy\" decoding=\"async\" width=\"862\" height=\"1024\" src=\"https:\/\/ims.smithengineering.queensu.ca\/wp-content\/uploads\/2025\/08\/Photo-862x1024.jpg\" alt=\"\" class=\"wp-image-172 size-full\" srcset=\"https:\/\/ims.smithengineering.queensu.ca\/wp-content\/uploads\/2025\/08\/Photo-862x1024.jpg 862w, https:\/\/ims.smithengineering.queensu.ca\/wp-content\/uploads\/2025\/08\/Photo-252x300.jpg 252w, https:\/\/ims.smithengineering.queensu.ca\/wp-content\/uploads\/2025\/08\/Photo-768x913.jpg 768w, https:\/\/ims.smithengineering.queensu.ca\/wp-content\/uploads\/2025\/08\/Photo-1293x1536.jpg 1293w, https:\/\/ims.smithengineering.queensu.ca\/wp-content\/uploads\/2025\/08\/Photo-1723x2048.jpg 1723w, https:\/\/ims.smithengineering.queensu.ca\/wp-content\/uploads\/2025\/08\/Photo.jpg 1949w\" sizes=\"(max-width: 862px) 100vw, 862px\" \/><\/figure><\/div>\n\n\n\n<div class=\"wp-block-media-text has-media-on-the-right is-stacked-on-mobile has-border-color has-nv-site-bg-border-color\" style=\"border-width:15px;border-radius:0px;grid-template-columns:auto 22%\"><div class=\"wp-block-media-text__content\">\n<p class=\"has-medium-font-size\"><strong>Yizhi Wang<\/strong><\/p>\n\n\n\n<p style=\"padding-top:0;padding-right:0;padding-bottom:0;padding-left:0\">With a focus on AI-driven high-temperature aluminum alloy design for aerospace applications, Yizhi is passionate about accelerating materials discovery through thermodynamic modeling combined with machine learning. When not struggling to debug simulations from a cozy sofa with a glass of whisky, you&#8217;ll find him playing the cello, listening to jazz, hosting BBQs, or mixing cocktails with the precision of a metallurgist.<\/p>\n<\/div><figure class=\"wp-block-media-text__media\"><img loading=\"lazy\" decoding=\"async\" width=\"828\" height=\"1024\" src=\"https:\/\/ims.smithengineering.queensu.ca\/wp-content\/uploads\/2025\/08\/IMG_9785-e1754069590707-828x1024.jpg\" alt=\"\" class=\"wp-image-175 size-full\" srcset=\"https:\/\/ims.smithengineering.queensu.ca\/wp-content\/uploads\/2025\/08\/IMG_9785-e1754069590707-828x1024.jpg 828w, https:\/\/ims.smithengineering.queensu.ca\/wp-content\/uploads\/2025\/08\/IMG_9785-e1754069590707-243x300.jpg 243w, https:\/\/ims.smithengineering.queensu.ca\/wp-content\/uploads\/2025\/08\/IMG_9785-e1754069590707-768x949.jpg 768w, https:\/\/ims.smithengineering.queensu.ca\/wp-content\/uploads\/2025\/08\/IMG_9785-e1754069590707.jpg 1038w\" sizes=\"(max-width: 828px) 100vw, 828px\" \/><\/figure><\/div>\n\n\n\n<div class=\"wp-block-media-text has-media-on-the-right is-stacked-on-mobile has-border-color has-nv-site-bg-border-color\" style=\"border-width:15px;border-radius:0px;grid-template-columns:auto 22%\"><div class=\"wp-block-media-text__content\">\n<p class=\"has-medium-font-size\"><strong>Evan Melrose<\/strong><\/p>\n\n\n\n<p style=\"padding-top:0;padding-right:0;padding-bottom:0;padding-left:0;font-size:px\">Evan Melroseis a master&#8217;s student in computer engineering at Queen\u2019s University, working in the E-Power Lab under the supervision of Prof. Yuksel Asli Sari and Prof. Majid Pahlevani. His research focuses on plant phenotyping and digital twinning, with an emphasis on developing computational methods for analyzing 3D point cloud data and integrating thermal imaging. He applies machine learning and computer vision techniques to model plant structure and behaviour.<\/p>\n<\/div><figure class=\"wp-block-media-text__media\"><img loading=\"lazy\" decoding=\"async\" width=\"827\" height=\"1024\" src=\"https:\/\/ims.smithengineering.queensu.ca\/wp-content\/uploads\/2025\/08\/Image-1-scaled-e1754069615382-827x1024.jpg\" alt=\"\" class=\"wp-image-176 size-full\" srcset=\"https:\/\/ims.smithengineering.queensu.ca\/wp-content\/uploads\/2025\/08\/Image-1-scaled-e1754069615382-827x1024.jpg 827w, https:\/\/ims.smithengineering.queensu.ca\/wp-content\/uploads\/2025\/08\/Image-1-scaled-e1754069615382-242x300.jpg 242w, https:\/\/ims.smithengineering.queensu.ca\/wp-content\/uploads\/2025\/08\/Image-1-scaled-e1754069615382-768x951.jpg 768w, https:\/\/ims.smithengineering.queensu.ca\/wp-content\/uploads\/2025\/08\/Image-1-scaled-e1754069615382-1241x1536.jpg 1241w, https:\/\/ims.smithengineering.queensu.ca\/wp-content\/uploads\/2025\/08\/Image-1-scaled-e1754069615382-1654x2048.jpg 1654w, https:\/\/ims.smithengineering.queensu.ca\/wp-content\/uploads\/2025\/08\/Image-1-scaled-e1754069615382.jpg 1920w\" sizes=\"(max-width: 827px) 100vw, 827px\" \/><\/figure><\/div>\n\n\n\n<hr class=\"wp-block-separator has-alpha-channel-opacity\"\/>\n\n\n\n<h2 class=\"wp-block-heading\"><strong>Past Graduate Students<\/strong>:<\/h2>\n\n\n\n<ul class=\"wp-block-list\">\n<li>Kellem Deuitch &#8211; 2025 &#8211; Reinforcement learning applied to open pit mine haul truck dispatch under stochasticity and deviations<\/li>\n\n\n\n<li>Cristian De Jes\u00fas Aguirre Zurita &#8211; 2025 &#8211; Fuel consumption analysis in diesel haul trucks using machine learning<\/li>\n\n\n\n<li>Ekin Tureoglu &#8211; 2024 &#8211; Real-time grinding energy consumption forecast and control with machine learning<\/li>\n\n\n\n<li>Soheil Kheirparast &#8211; 2024 &#8211; Efficient stope sequencing optimization under grade uncertainty using genetic algorithms<\/li>\n\n\n\n<li>Nuri Kalyoncuoglu &#8211; 2024 &#8211; Predicting turbocharger failures in mining haul trucks<\/li>\n\n\n\n<li>Will Macdonald &#8211; 2024 &#8211; Machine learning &amp; lightweight deep learning applications toward the agricultural sector<\/li>\n\n\n\n<li>Parham Valipoorsalimi &#8211; 2023 &#8211; Machine learning assisted investigation of high-strength biocompatible and biodegradable Magnesium alloys<\/li>\n\n\n\n<li>Ryan Kealey &#8211; 2021 &#8211; A new fleet management approach applied to autonomous mining vehicles using Q-learning<\/li>\n<\/ul>\n\n\n\n<h2 class=\"wp-block-heading\"><strong>Past Undergraduate Students<\/strong>:<\/h2>\n\n\n\n<ul class=\"wp-block-list\">\n<li style=\"font-size:16px\">Nathan Baroni &#8211; 2025<\/li>\n\n\n\n<li style=\"font-size:16px\">Luca Marcolongo &#8211; 2024<\/li>\n\n\n\n<li style=\"font-size:16px\">Simone Monger &#8211; 2023, 2024<\/li>\n\n\n\n<li style=\"font-size:16px\">Ethan Brown &#8211; 2023<\/li>\n\n\n\n<li style=\"font-size:16px\">Connor Johnston &#8211; 2023<\/li>\n\n\n\n<li style=\"font-size:16px\">Sebastian Rielo &#8211; 2023<\/li>\n\n\n\n<li style=\"font-size:16px\">Kellem Deuitch &#8211; 2022<\/li>\n\n\n\n<li style=\"font-size:16px\">William Du &#8211; 2021<\/li>\n<\/ul>\n\n\n\n<p><\/p>\n\n\n","protected":false},"excerpt":{"rendered":"<p>Principal Investigator Yuksel Asli Sari, PhD, P.Eng Yuksel Asli Sari is an Associate Professor at the Robert M. Buchan Department of Mining at Queen\u2019s University in Kingston, Canada. She received BSc, Master&#8217;s and PhD degrees from McGill University. With her background in computer science, she focuses on the computer applications in the mining industry. She&hellip;&nbsp;<\/p>\n","protected":false},"author":5,"featured_media":0,"parent":0,"menu_order":0,"comment_status":"closed","ping_status":"closed","template":"","meta":{"neve_meta_sidebar":"","neve_meta_container":"contained","neve_meta_enable_content_width":"","neve_meta_content_width":0,"neve_meta_title_alignment":"left","neve_meta_author_avatar":"","neve_post_elements_order":"","neve_meta_disable_header":"","neve_meta_disable_footer":"","neve_meta_disable_title":"","neve_meta_reading_time":"","footnotes":"[]"},"class_list":["post-69","page","type-page","status-publish","hentry"],"_links":{"self":[{"href":"https:\/\/ims.smithengineering.queensu.ca\/index.php?rest_route=\/wp\/v2\/pages\/69","targetHints":{"allow":["GET"]}}],"collection":[{"href":"https:\/\/ims.smithengineering.queensu.ca\/index.php?rest_route=\/wp\/v2\/pages"}],"about":[{"href":"https:\/\/ims.smithengineering.queensu.ca\/index.php?rest_route=\/wp\/v2\/types\/page"}],"author":[{"embeddable":true,"href":"https:\/\/ims.smithengineering.queensu.ca\/index.php?rest_route=\/wp\/v2\/users\/5"}],"replies":[{"embeddable":true,"href":"https:\/\/ims.smithengineering.queensu.ca\/index.php?rest_route=%2Fwp%2Fv2%2Fcomments&post=69"}],"version-history":[{"count":29,"href":"https:\/\/ims.smithengineering.queensu.ca\/index.php?rest_route=\/wp\/v2\/pages\/69\/revisions"}],"predecessor-version":[{"id":458,"href":"https:\/\/ims.smithengineering.queensu.ca\/index.php?rest_route=\/wp\/v2\/pages\/69\/revisions\/458"}],"wp:attachment":[{"href":"https:\/\/ims.smithengineering.queensu.ca\/index.php?rest_route=%2Fwp%2Fv2%2Fmedia&parent=69"}],"curies":[{"name":"wp","href":"https:\/\/api.w.org\/{rel}","templated":true}]}}